{"id":208,"date":"2021-04-02T10:07:32","date_gmt":"2021-04-02T08:07:32","guid":{"rendered":"https:\/\/mairielahontan.fr\/?page_id=208"},"modified":"2021-04-02T10:07:32","modified_gmt":"2021-04-02T08:07:32","slug":"emercat-bearn-des-gaves","status":"publish","type":"page","link":"https:\/\/mairielahontan.fr\/?page_id=208","title":{"rendered":"eMercat B\u00e9arn des Gaves"},"content":{"rendered":"\n<p>Pr\u00e9sentation : &#8220;Producteurs locaux, artisans, commer\u00e7ants, acteurs \u00e9conomiques, touristiques, culturels du B\u00e9arn des gaves, tous habitants du territoire ayant choisi de nous y investir, nous nous regroupons ensemble dans un esprit de coop\u00e9ration, unissant nos moyens et nos \u00e9nergies pour vous faire d\u00e9couvrir toute la richesse de l\u2019offre existante pr\u00e8s de chez vous, dans vos villes et villages.&#8221;<\/p>\n\n\n\n<p>En savoir plus <a href=\"https:\/\/www.e-mercat.com\" data-type=\"URL\" data-id=\"https:\/\/www.e-mercat.com\" target=\"_blank\" rel=\"noreferrer noopener\">www.e-mercat.com<\/a><\/p>\n","protected":false},"excerpt":{"rendered":"<div class=\"mh-excerpt\"><p>Pr\u00e9sentation : &#8220;Producteurs locaux, artisans, commer\u00e7ants, acteurs \u00e9conomiques, touristiques, culturels du B\u00e9arn des gaves, tous habitants du territoire ayant choisi de nous y investir, nous nous regroupons ensemble dans un esprit de coop\u00e9ration, unissant nos <a class=\"mh-excerpt-more\" href=\"https:\/\/mairielahontan.fr\/?page_id=208\" title=\"eMercat B\u00e9arn des Gaves\">[&#8230;]<\/a><\/p>\n<\/div>","protected":false},"author":2,"featured_media":0,"parent":0,"menu_order":0,"comment_status":"closed","ping_status":"closed","template":"","meta":[],"_links":{"self":[{"href":"https:\/\/mairielahontan.fr\/index.php?rest_route=\/wp\/v2\/pages\/208"}],"collection":[{"href":"https:\/\/mairielahontan.fr\/index.php?rest_route=\/wp\/v2\/pages"}],"about":[{"href":"https:\/\/mairielahontan.fr\/index.php?rest_route=\/wp\/v2\/types\/page"}],"author":[{"embeddable":true,"href":"https:\/\/mairielahontan.fr\/index.php?rest_route=\/wp\/v2\/users\/2"}],"replies":[{"embeddable":true,"href":"https:\/\/mairielahontan.fr\/index.php?rest_route=%2Fwp%2Fv2%2Fcomments&post=208"}],"version-history":[{"count":2,"href":"https:\/\/mairielahontan.fr\/index.php?rest_route=\/wp\/v2\/pages\/208\/revisions"}],"predecessor-version":[{"id":210,"href":"https:\/\/mairielahontan.fr\/index.php?rest_route=\/wp\/v2\/pages\/208\/revisions\/210"}],"wp:attachment":[{"href":"https:\/\/mairielahontan.fr\/index.php?rest_route=%2Fwp%2Fv2%2Fmedia&parent=208"}],"curies":[{"name":"wp","href":"https:\/\/api.w.org\/{rel}","templated":true}]}}