{"id":49,"date":"2021-02-17T12:10:54","date_gmt":"2021-02-17T11:10:54","guid":{"rendered":"https:\/\/mairielahontan.fr\/?page_id=49"},"modified":"2021-09-10T14:59:41","modified_gmt":"2021-09-10T12:59:41","slug":"demarches-administratives","status":"publish","type":"page","link":"https:\/\/mairielahontan.fr\/?page_id=49","title":{"rendered":"D\u00e9marches administratives"},"content":{"rendered":"\n<p><strong>Recensement Militaire<\/strong> :<\/p>\n\n\n\n<p>Lorsqu\u2019un jeune atteint l\u2019\u00e2ge de 16 ans, pensez \u00e0 le faire recenser \u00e0 la Mairie pour que lui soit d\u00e9livr\u00e9 un certificat \u00e0 pr\u00e9senter lors de tout concours national et pour l\u2019obtention de son permis de conduire. Il sera \u00e9galement convi\u00e9 \u00e0 la journ\u00e9e d\u2019appel et sera inscrit sur les listes \u00e9lectorales sans autre d\u00e9marche de sa part.<\/p>\n\n\n\n<p>&nbsp;Pi\u00e8ces \u00e0 joindre \u00e0 votre demande&nbsp;: livret de famille, carte d\u2019identit\u00e9 et justificatif de domicile.<\/p>\n\n\n\n<p><strong>Centre des Imp\u00f4ts<\/strong> :<br>CDI de Orthez : 13 Avenue Henri IV, 64300 Orthez<br>T\u00e9l. 05 59 69 36 77 \u2013 site internet : <a href=\"http:\/\/www.impots.gouv.fr\">www.impots.gouv.fr<\/a><\/p>\n\n\n\n<p><strong>Caisse Primaire d\u2019Assurance Maladie<\/strong> :<br>CPAM Pau Pyr\u00e9n\u00e9es<br>26bis Avenue des Lilas, 64000 Pau<br>La CPAM vous re\u00e7oit sur RDV. Pour prendre RDV : Connectez-vous \u00e0 votre compte ameli (rubrique &#8220;Mon agenda&#8221;) ou Contactez le 36 46* du lundi au vendredi de 8h30 \u00e0 17h30 (*service gratuit + prix appel)<br><a href=\"http:\/\/www.ameli.fr\">http:\/\/www.ameli.fr<\/a><\/p>\n\n\n\n<p><strong>Sous-Pr\u00e9fecture d&#8217;Oloron-Sainte-Marie<\/strong>&nbsp;:<br>7 Rue de la Poste, 64400 Oloron-Sainte-Marie<br>T\u00e9l. 05 40 17 28 88<\/p>\n\n\n\n<p><strong>Le site \u00ab service public \u00bb<\/strong> permet d\u2019obtenir tous les renseignements administratifs pour ce qui concerne :<br>logement, CAF, v\u00e9hicule, urbanisme, famille, justice, papiers citoyennet\u00e9,\u2026<br>site internet : <a href=\"https:\/\/www.service-public.fr\/\">www.service-public.fr<\/a><br>Les imprim\u00e9s sont \u00e9galement t\u00e9l\u00e9chargeables sur ce site.<\/p>\n\n\n\n<h2>D\u00e9claration des meubl\u00e9s et chambres d&#8217;h\u00f4tes en mairie<\/h2>\n\n\n\n<p>La loi oblige les h\u00e9bergeurs qui ouvrent un meubl\u00e9 de tourisme ou une chambre d&#8217;h\u00f4te \u00e0 d\u00e9clarer en mairie leur activit\u00e9, sous peine d&#8217;une contravention de 450 \u20ac.<\/p>\n\n\n\n<p><a href=\"https:\/\/www.declaloc.fr\/?tid=107&amp;cid=14303\">https:\/\/www.declaloc.fr\/?tid=107&amp;cid=14303<\/a><\/p>\n\n\n\n<p>Ce lien vous permet de faire vos d\u00e9clarations en ligne via la plateforme &#8220;decla loc&#8221;<\/p>\n","protected":false},"excerpt":{"rendered":"<div class=\"mh-excerpt\"><p>Recensement Militaire : Lorsqu\u2019un jeune atteint l\u2019\u00e2ge de 16 ans, pensez \u00e0 le faire recenser \u00e0 la Mairie pour que lui soit d\u00e9livr\u00e9 un certificat \u00e0 pr\u00e9senter lors de tout concours national et pour l\u2019obtention <a class=\"mh-excerpt-more\" href=\"https:\/\/mairielahontan.fr\/?page_id=49\" title=\"D\u00e9marches administratives\">[&#8230;]<\/a><\/p>\n<\/div>","protected":false},"author":1,"featured_media":0,"parent":0,"menu_order":0,"comment_status":"closed","ping_status":"closed","template":"","meta":[],"_links":{"self":[{"href":"https:\/\/mairielahontan.fr\/index.php?rest_route=\/wp\/v2\/pages\/49"}],"collection":[{"href":"https:\/\/mairielahontan.fr\/index.php?rest_route=\/wp\/v2\/pages"}],"about":[{"href":"https:\/\/mairielahontan.fr\/index.php?rest_route=\/wp\/v2\/types\/page"}],"author":[{"embeddable":true,"href":"https:\/\/mairielahontan.fr\/index.php?rest_route=\/wp\/v2\/users\/1"}],"replies":[{"embeddable":true,"href":"https:\/\/mairielahontan.fr\/index.php?rest_route=%2Fwp%2Fv2%2Fcomments&post=49"}],"version-history":[{"count":3,"href":"https:\/\/mairielahontan.fr\/index.php?rest_route=\/wp\/v2\/pages\/49\/revisions"}],"predecessor-version":[{"id":580,"href":"https:\/\/mairielahontan.fr\/index.php?rest_route=\/wp\/v2\/pages\/49\/revisions\/580"}],"wp:attachment":[{"href":"https:\/\/mairielahontan.fr\/index.php?rest_route=%2Fwp%2Fv2%2Fmedia&parent=49"}],"curies":[{"name":"wp","href":"https:\/\/api.w.org\/{rel}","templated":true}]}}