{"id":51,"date":"2021-02-17T12:13:20","date_gmt":"2021-02-17T11:13:20","guid":{"rendered":"https:\/\/mairielahontan.fr\/?page_id=51"},"modified":"2023-02-28T16:21:35","modified_gmt":"2023-02-28T15:21:35","slug":"urbanisme-logement-habitat","status":"publish","type":"page","link":"https:\/\/mairielahontan.fr\/?page_id=51","title":{"rendered":"Urbanisme, logement, habitat"},"content":{"rendered":"\n<h2>URBANISME (Permis de construire &#8211; Travaux)<\/h2>\n\n\n\n<div class=\"wp-block-file\"><a href=\"https:\/\/mairielahontan.fr\/wp-content\/uploads\/2023\/02\/Plateforme-URBANISME-1.pdf\">Plateforme-URBANISME<\/a><\/div>\n\n\n\n<h2>Raccordement maisons neuves au r\u00e9seau t\u00e9l\u00e9com<\/h2>\n\n\n\n<div class=\"wp-block-file\"><a href=\"https:\/\/mairielahontan.fr\/wp-content\/uploads\/2022\/03\/THD-64-Raccordement-maisons-neuves-aux-reseaux-telecom.pdf\">THD-64-Raccordement-maisons-neuves-aux-r\u00e9seaux-t\u00e9l\u00e9com<\/a><\/div>\n\n\n\n<h2>Travaux :<\/h2>\n\n\n\n<p><strong>N\u2019h\u00e9sitez pas \u00e0 vous renseigner aupr\u00e8s du secr\u00e9tariat de mairie lorsque vous souhaitez effectuer des travaux chez vous. Toute construction, modification, extension, peut et dans la plupart des cas doit faire l\u2019objet d\u2019une demande de travaux.<\/strong><\/p>\n","protected":false},"excerpt":{"rendered":"<div class=\"mh-excerpt\"><p>URBANISME (Permis de construire &#8211; Travaux) Raccordement maisons neuves au r\u00e9seau t\u00e9l\u00e9com Travaux : N\u2019h\u00e9sitez pas \u00e0 vous renseigner aupr\u00e8s du secr\u00e9tariat de mairie lorsque vous souhaitez effectuer des travaux chez vous. Toute construction, modification, <a class=\"mh-excerpt-more\" href=\"https:\/\/mairielahontan.fr\/?page_id=51\" title=\"Urbanisme, logement, habitat\">[&#8230;]<\/a><\/p>\n<\/div>","protected":false},"author":1,"featured_media":0,"parent":0,"menu_order":0,"comment_status":"closed","ping_status":"closed","template":"","meta":[],"_links":{"self":[{"href":"https:\/\/mairielahontan.fr\/index.php?rest_route=\/wp\/v2\/pages\/51"}],"collection":[{"href":"https:\/\/mairielahontan.fr\/index.php?rest_route=\/wp\/v2\/pages"}],"about":[{"href":"https:\/\/mairielahontan.fr\/index.php?rest_route=\/wp\/v2\/types\/page"}],"author":[{"embeddable":true,"href":"https:\/\/mairielahontan.fr\/index.php?rest_route=\/wp\/v2\/users\/1"}],"replies":[{"embeddable":true,"href":"https:\/\/mairielahontan.fr\/index.php?rest_route=%2Fwp%2Fv2%2Fcomments&post=51"}],"version-history":[{"count":6,"href":"https:\/\/mairielahontan.fr\/index.php?rest_route=\/wp\/v2\/pages\/51\/revisions"}],"predecessor-version":[{"id":1259,"href":"https:\/\/mairielahontan.fr\/index.php?rest_route=\/wp\/v2\/pages\/51\/revisions\/1259"}],"wp:attachment":[{"href":"https:\/\/mairielahontan.fr\/index.php?rest_route=%2Fwp%2Fv2%2Fmedia&parent=51"}],"curies":[{"name":"wp","href":"https:\/\/api.w.org\/{rel}","templated":true}]}}