{"id":55,"date":"2021-02-17T12:15:29","date_gmt":"2021-02-17T11:15:29","guid":{"rendered":"https:\/\/mairielahontan.fr\/?page_id=55"},"modified":"2025-12-19T08:49:58","modified_gmt":"2025-12-19T07:49:58","slug":"collecte-des-dechets","status":"publish","type":"page","link":"https:\/\/mairielahontan.fr\/?page_id=55","title":{"rendered":"Collecte des d\u00e9chets"},"content":{"rendered":"\n<p><strong>D\u00e9chetterie de Castagn\u00e8de (et plateforme de d\u00e9chets verts)<\/strong><\/p>\n\n\n\n<p><strong>Ouverte du mardi au samedi, de 8 h 30 \u00e0 12 h, et de 13 h 30 \u00e0 18 h.<\/strong><br>Route de Caresse \u2013 64270 CASTAGN\u00c8DE &#8211; T\u00e9l. : 05 59 09 36 83 &#8211;&nbsp;07 52 06 17 61<br>Localisation GPS : latitude 43.463733 &#8211; longitude : 0. 978586<\/p>\n\n\n\n<p>L&#8217;acc\u00e8s de la d\u00e9chetterie est r\u00e9serv\u00e9 aux habitants du territoire,  accesible gr\u00e2ce \u00e0\u00a0<strong>une carte que vous pouvez retirer au si\u00e8ge de la CCBG (289 route d\u2019Orthez, \u00e0 Salies-de-B\u00e9arn) : les mardi et vendredi, de 9 h \u00e0 12 h et de 14 h \u00e0 17 h.<\/strong><\/p>\n\n\n\n<p><a rel=\"noreferrer noopener\" href=\"https:\/\/www.ccbearndesgaves.fr\/une-communaut%C3%A9-de-services\/environnement\" target=\"_blank\">https:\/\/www.ccbearndesgaves.fr\/une-communaut%C3%A9-de-services\/environnement<\/a><\/p>\n\n\n\n<p><strong>RECYCLER, DONNER, R\u00c9UTILISER\u2026<\/strong><\/p>\n\n\n\n<p><a rel=\"noreferrer noopener\" href=\"https:\/\/www.ccbearndesgaves.fr\/uploads\/attachments\/ckgrs0i6o0d7bucr8q5d81rc3-aima-flyer.full.jpg\" target=\"_blank\">AIMA<\/a>\u00a0est une recyclerie qui \u0153uvre pour la r\u00e9utilisation des objets et favorise ainsi l\u2019\u00e9conomie circulaire. Pensez-y avant de vous d\u00e9barrasser d\u2019objets encore en bon \u00e9tat, mais \u00e9galement avant d\u2019acheter neuf !\u00a0<a rel=\"noreferrer noopener\" href=\"https:\/\/www.ccbearndesgaves.fr\/uploads\/attachments\/ckgrs0i6o0d7bucr8q5d81rc3-aima-flyer.full.jpg\" target=\"_blank\">AIMA<\/a>\u00a0est \u00e9galement un acteur du r\u00e9emploi et ce dont vous n\u2019avez plus besoin conviendra s\u00fbrement \u00e0 d\u2019autres personnes. D\u00e9couvrez-en plus \u27a1\ufe0f\u00a0<a rel=\"noreferrer noopener\" href=\"http:\/\/www.aima-letrocoeur.org\/?fbclid=IwAR1GusI0jZTE0cpjJQtdAqYj5iP2AogMDZIQ1UqPwrQ3nEKLqvNRj-fpNGM\" target=\"_blank\">http:\/\/www.aima-letrocoeur.org\/<\/a><\/p>\n\n\n\n<h2>Calendrier de collecte 2026<\/h2>\n\n\n\n<div class=\"wp-block-file\"><a href=\"https:\/\/mairielahontan.fr\/wp-content\/uploads\/2025\/12\/SKONICA-MIN25121908480.pdf\">Calendrier &#8211; 2026<\/a><a href=\"https:\/\/mairielahontan.fr\/wp-content\/uploads\/2025\/12\/SKONICA-MIN25121908480.pdf\" class=\"wp-block-file__button\" download>T\u00e9l\u00e9charger<\/a><\/div>\n\n\n\n<h2>Calendrier de collecte 2025<\/h2>\n\n\n\n<div class=\"wp-block-file\"><a href=\"https:\/\/mairielahontan.fr\/wp-content\/uploads\/2025\/01\/Calendrier-2025.pdf\">Calendrier-2025<\/a><a href=\"https:\/\/mairielahontan.fr\/wp-content\/uploads\/2025\/01\/Calendrier-2025.pdf\" class=\"wp-block-file__button\" download>T\u00e9l\u00e9charger<\/a><\/div>\n\n\n\n<p><\/p>\n","protected":false},"excerpt":{"rendered":"<div class=\"mh-excerpt\"><p>D\u00e9chetterie de Castagn\u00e8de (et plateforme de d\u00e9chets verts) Ouverte du mardi au samedi, de 8 h 30 \u00e0 12 h, et de 13 h 30 \u00e0 18 h.Route de Caresse \u2013 64270 CASTAGN\u00c8DE &#8211; T\u00e9l. <a class=\"mh-excerpt-more\" href=\"https:\/\/mairielahontan.fr\/?page_id=55\" title=\"Collecte des d\u00e9chets\">[&#8230;]<\/a><\/p>\n<\/div>","protected":false},"author":1,"featured_media":0,"parent":0,"menu_order":0,"comment_status":"closed","ping_status":"closed","template":"","meta":[],"_links":{"self":[{"href":"https:\/\/mairielahontan.fr\/index.php?rest_route=\/wp\/v2\/pages\/55"}],"collection":[{"href":"https:\/\/mairielahontan.fr\/index.php?rest_route=\/wp\/v2\/pages"}],"about":[{"href":"https:\/\/mairielahontan.fr\/index.php?rest_route=\/wp\/v2\/types\/page"}],"author":[{"embeddable":true,"href":"https:\/\/mairielahontan.fr\/index.php?rest_route=\/wp\/v2\/users\/1"}],"replies":[{"embeddable":true,"href":"https:\/\/mairielahontan.fr\/index.php?rest_route=%2Fwp%2Fv2%2Fcomments&post=55"}],"version-history":[{"count":9,"href":"https:\/\/mairielahontan.fr\/index.php?rest_route=\/wp\/v2\/pages\/55\/revisions"}],"predecessor-version":[{"id":1950,"href":"https:\/\/mairielahontan.fr\/index.php?rest_route=\/wp\/v2\/pages\/55\/revisions\/1950"}],"wp:attachment":[{"href":"https:\/\/mairielahontan.fr\/index.php?rest_route=%2Fwp%2Fv2%2Fmedia&parent=55"}],"curies":[{"name":"wp","href":"https:\/\/api.w.org\/{rel}","templated":true}]}}