{"id":65,"date":"2021-02-17T12:20:54","date_gmt":"2021-02-17T11:20:54","guid":{"rendered":"https:\/\/mairielahontan.fr\/?page_id=65"},"modified":"2025-12-19T15:57:09","modified_gmt":"2025-12-19T14:57:09","slug":"secretariat-de-mairie","status":"publish","type":"page","link":"https:\/\/mairielahontan.fr\/?page_id=65","title":{"rendered":"Secr\u00e9tariat de mairie"},"content":{"rendered":"\n<h2>Le secr\u00e9tariat de mairie sera ferm\u00e9 pour cong\u00e9s annuels du 22 d\u00e9cembre au 5 janvier inclus.<\/h2>\n\n\n\n<p>Le secr\u00e9tariat est ouvert du <strong><u>lundi au vendredi de 14h \u00e0 17h<\/u><\/strong>, <strong>ferm\u00e9 le mercredi<\/strong><\/p>\n\n\n\n<p class=\"has-black-color has-text-color\"><\/p>\n\n\n\n<p class=\"has-black-color has-text-color\">Pour toute URGENCE UNIQUEMENT, contacter le 06.79.01.51.56<\/p>\n\n\n\n<p>Mairie<br>2 rue de la Mairie, 64270 LAHONTAN<br><strong>T\u00e9l\u00e9phone&nbsp;<\/strong>: 05 59 65 14 10<\/p>\n\n\n\n<p><strong>adresse mail<\/strong> : secretariat@mairielahontan.fr<\/p>\n\n\n\n<figure class=\"wp-block-image size-large\"><img loading=\"lazy\" width=\"980\" height=\"700\" src=\"https:\/\/mairielahontan.fr\/wp-content\/uploads\/2021\/02\/MAIRIE-LAHONTAN-4-980x700-1.jpg\" alt=\"\" class=\"wp-image-6\" srcset=\"https:\/\/mairielahontan.fr\/wp-content\/uploads\/2021\/02\/MAIRIE-LAHONTAN-4-980x700-1.jpg 980w, https:\/\/mairielahontan.fr\/wp-content\/uploads\/2021\/02\/MAIRIE-LAHONTAN-4-980x700-1-300x214.jpg 300w, https:\/\/mairielahontan.fr\/wp-content\/uploads\/2021\/02\/MAIRIE-LAHONTAN-4-980x700-1-768x549.jpg 768w\" sizes=\"(max-width: 980px) 100vw, 980px\" \/><\/figure>\n\n\n\n<p><\/p>\n","protected":false},"excerpt":{"rendered":"<div class=\"mh-excerpt\"><p>Le secr\u00e9tariat de mairie sera ferm\u00e9 pour cong\u00e9s annuels du 22 d\u00e9cembre au 5 janvier inclus. Le secr\u00e9tariat est ouvert du lundi au vendredi de 14h \u00e0 17h, ferm\u00e9 le mercredi Pour toute URGENCE UNIQUEMENT, <a class=\"mh-excerpt-more\" href=\"https:\/\/mairielahontan.fr\/?page_id=65\" title=\"Secr\u00e9tariat de mairie\">[&#8230;]<\/a><\/p>\n<\/div>","protected":false},"author":1,"featured_media":0,"parent":0,"menu_order":0,"comment_status":"closed","ping_status":"closed","template":"","meta":[],"_links":{"self":[{"href":"https:\/\/mairielahontan.fr\/index.php?rest_route=\/wp\/v2\/pages\/65"}],"collection":[{"href":"https:\/\/mairielahontan.fr\/index.php?rest_route=\/wp\/v2\/pages"}],"about":[{"href":"https:\/\/mairielahontan.fr\/index.php?rest_route=\/wp\/v2\/types\/page"}],"author":[{"embeddable":true,"href":"https:\/\/mairielahontan.fr\/index.php?rest_route=\/wp\/v2\/users\/1"}],"replies":[{"embeddable":true,"href":"https:\/\/mairielahontan.fr\/index.php?rest_route=%2Fwp%2Fv2%2Fcomments&post=65"}],"version-history":[{"count":10,"href":"https:\/\/mairielahontan.fr\/index.php?rest_route=\/wp\/v2\/pages\/65\/revisions"}],"predecessor-version":[{"id":1953,"href":"https:\/\/mairielahontan.fr\/index.php?rest_route=\/wp\/v2\/pages\/65\/revisions\/1953"}],"wp:attachment":[{"href":"https:\/\/mairielahontan.fr\/index.php?rest_route=%2Fwp%2Fv2%2Fmedia&parent=65"}],"curies":[{"name":"wp","href":"https:\/\/api.w.org\/{rel}","templated":true}]}}