{"id":67,"date":"2021-02-17T12:21:19","date_gmt":"2021-02-17T11:21:19","guid":{"rendered":"https:\/\/mairielahontan.fr\/?page_id=67"},"modified":"2024-05-14T16:05:16","modified_gmt":"2024-05-14T14:05:16","slug":"vos-elus","status":"publish","type":"page","link":"https:\/\/mairielahontan.fr\/?page_id=67","title":{"rendered":"Vos \u00c9lus"},"content":{"rendered":"\n<p class=\"has-text-align-center\"><\/p>\n\n\n\n<figure class=\"wp-block-table is-style-stripes\"><table><tbody><tr><td class=\"has-text-align-center\" data-align=\"center\"><strong>Maire :<\/strong><br>LALANNE Patrice<\/td><\/tr><\/tbody><\/table><\/figure>\n\n\n\n<figure class=\"wp-block-table is-style-stripes\"><table><tbody><tr><td class=\"has-text-align-center\" data-align=\"center\"><strong>1er Adjoint<\/strong><br>BONNAN christian<\/td><td class=\"has-text-align-center\" data-align=\"center\"><strong>2\u00e8me Adjoint<\/strong><br>GAUYACQ Jean-Paul<\/td><td><strong>3\u00e8me Adjoint<\/strong><br>MASMONTET Jean<\/td><td><strong>4\u00e8me Adjoint<\/strong><br>CHAUVEAU Jean-Baptiste<\/td><\/tr><\/tbody><\/table><\/figure>\n\n\n\n<p class=\"has-text-align-center\"><strong>Conseillers<\/strong><br>PEREUILH Martine<br>DESCLAUX Amandine<br>TISSIER Fabienne<br>MEYER V\u00e9ronique<br>CHIRIAUX Allison<br>SARREMIA Carine<br>DESTANDAU St\u00e9phanie<br>DARDERES Paul<br>URRUTIBEHETY Baptiste<\/p>\n","protected":false},"excerpt":{"rendered":"<div class=\"mh-excerpt\"><p>Maire :LALANNE Patrice 1er AdjointBONNAN christian 2\u00e8me AdjointGAUYACQ Jean-Paul 3\u00e8me AdjointMASMONTET Jean 4\u00e8me AdjointCHAUVEAU Jean-Baptiste ConseillersPEREUILH MartineDESCLAUX AmandineTISSIER FabienneMEYER V\u00e9roniqueCHIRIAUX AllisonSARREMIA CarineDESTANDAU St\u00e9phanieDARDERES PaulURRUTIBEHETY Baptiste<\/p>\n<\/div>","protected":false},"author":1,"featured_media":0,"parent":0,"menu_order":0,"comment_status":"closed","ping_status":"closed","template":"","meta":[],"_links":{"self":[{"href":"https:\/\/mairielahontan.fr\/index.php?rest_route=\/wp\/v2\/pages\/67"}],"collection":[{"href":"https:\/\/mairielahontan.fr\/index.php?rest_route=\/wp\/v2\/pages"}],"about":[{"href":"https:\/\/mairielahontan.fr\/index.php?rest_route=\/wp\/v2\/types\/page"}],"author":[{"embeddable":true,"href":"https:\/\/mairielahontan.fr\/index.php?rest_route=\/wp\/v2\/users\/1"}],"replies":[{"embeddable":true,"href":"https:\/\/mairielahontan.fr\/index.php?rest_route=%2Fwp%2Fv2%2Fcomments&post=67"}],"version-history":[{"count":4,"href":"https:\/\/mairielahontan.fr\/index.php?rest_route=\/wp\/v2\/pages\/67\/revisions"}],"predecessor-version":[{"id":1500,"href":"https:\/\/mairielahontan.fr\/index.php?rest_route=\/wp\/v2\/pages\/67\/revisions\/1500"}],"wp:attachment":[{"href":"https:\/\/mairielahontan.fr\/index.php?rest_route=%2Fwp%2Fv2%2Fmedia&parent=67"}],"curies":[{"name":"wp","href":"https:\/\/api.w.org\/{rel}","templated":true}]}}