{"id":81,"date":"2021-02-17T15:33:50","date_gmt":"2021-02-17T14:33:50","guid":{"rendered":"https:\/\/mairielahontan.fr\/?page_id=81"},"modified":"2021-02-17T15:33:50","modified_gmt":"2021-02-17T14:33:50","slug":"salle-des-fetes","status":"publish","type":"page","link":"https:\/\/mairielahontan.fr\/?page_id=81","title":{"rendered":"Salle des f\u00eates"},"content":{"rendered":"\n<p>R\u00e9servation aupr\u00e8s du secr\u00e9tariat de Mairie<\/p>\n\n\n\n<p>La salle des f\u00eates poss\u00e8de une cuisine \u00e9quip\u00e9e et dispose du mat\u00e9riel de r\u00e9ception (tables, chaises, couvert)<\/p>\n","protected":false},"excerpt":{"rendered":"<div class=\"mh-excerpt\"><p>R\u00e9servation aupr\u00e8s du secr\u00e9tariat de Mairie La salle des f\u00eates poss\u00e8de une cuisine \u00e9quip\u00e9e et dispose du mat\u00e9riel de r\u00e9ception (tables, chaises, couvert)<\/p>\n<\/div>","protected":false},"author":1,"featured_media":0,"parent":0,"menu_order":0,"comment_status":"closed","ping_status":"closed","template":"","meta":[],"_links":{"self":[{"href":"https:\/\/mairielahontan.fr\/index.php?rest_route=\/wp\/v2\/pages\/81"}],"collection":[{"href":"https:\/\/mairielahontan.fr\/index.php?rest_route=\/wp\/v2\/pages"}],"about":[{"href":"https:\/\/mairielahontan.fr\/index.php?rest_route=\/wp\/v2\/types\/page"}],"author":[{"embeddable":true,"href":"https:\/\/mairielahontan.fr\/index.php?rest_route=\/wp\/v2\/users\/1"}],"replies":[{"embeddable":true,"href":"https:\/\/mairielahontan.fr\/index.php?rest_route=%2Fwp%2Fv2%2Fcomments&post=81"}],"version-history":[{"count":1,"href":"https:\/\/mairielahontan.fr\/index.php?rest_route=\/wp\/v2\/pages\/81\/revisions"}],"predecessor-version":[{"id":82,"href":"https:\/\/mairielahontan.fr\/index.php?rest_route=\/wp\/v2\/pages\/81\/revisions\/82"}],"wp:attachment":[{"href":"https:\/\/mairielahontan.fr\/index.php?rest_route=%2Fwp%2Fv2%2Fmedia&parent=81"}],"curies":[{"name":"wp","href":"https:\/\/api.w.org\/{rel}","templated":true}]}}