{"id":91,"date":"2021-02-17T16:48:41","date_gmt":"2021-02-17T15:48:41","guid":{"rendered":"https:\/\/mairielahontan.fr\/?page_id=91"},"modified":"2025-01-21T15:03:05","modified_gmt":"2025-01-21T14:03:05","slug":"entreprises","status":"publish","type":"page","link":"https:\/\/mairielahontan.fr\/?page_id=91","title":{"rendered":"Entreprises"},"content":{"rendered":"\n<p><strong>LES VERGERS DE L&#8217;ERMITAGE<\/strong><br>800 route de Saint-Cricq &#8211; 64270 Lahontan <br>T\u00e9l : 05 59 65 14 01<br><a rel=\"noreferrer noopener\" href=\"http:\/\/vergerdelermitage.fr\" target=\"_blank\">http:\/\/vergerdelermitage.fr<\/a><\/p>\n\n\n\n<p><\/p>\n\n\n\n<hr class=\"wp-block-separator\"\/>\n\n\n\n<p><strong>LES VERGERS LASSERRE<\/strong><br>1 rue du Bois &#8211; 64270 Lahontan France&nbsp;<br>T\u00e9l : 05 59 69 94 71 &#8211; &nbsp;06 80 91 14 64<br><a rel=\"noreferrer noopener\" href=\"https:\/\/www.vergers-lasserre-64.com\/\" target=\"_blank\">https:\/\/www.vergers-lasserre-64.com\/<\/a><\/p>\n\n\n\n<p><\/p>\n\n\n\n<hr class=\"wp-block-separator\"\/>\n\n\n\n<p><strong>FIPSO<\/strong><br>1700 route de Bellocq &#8211; 64270 Lahontan<br>T\u00e9l. : 05.59.65.25.55<br><a rel=\"noreferrer noopener\" href=\"http:\/\/www.fipso.fr\/boutique\/\" target=\"_blank\">http:\/\/www.fipso.fr\/boutique\/<\/a><\/p>\n\n\n\n<h5>BOUTIQUE DE L&#8217;ABATTOIR<\/h5>\n\n\n\n<p>1500 route de Bellocq &#8211; 64270 Lahontan<br>T\u00e9l. : 05 59 65 12 35<\/p>\n\n\n\n<p><\/p>\n\n\n\n<hr class=\"wp-block-separator\"\/>\n\n\n\n<p><strong>JARDINS DES GAVES <\/strong><\/p>\n\n\n\n<div class=\"wp-block-image\"><figure class=\"alignleft size-large\"><img loading=\"lazy\" width=\"69\" height=\"78\" src=\"https:\/\/mairielahontan.fr\/wp-content\/uploads\/2021\/02\/paysagiste.jpg\" alt=\"\" class=\"wp-image-151\"\/><\/figure><\/div>\n\n\n\n<p>Mr JEAN-BAPTISTE CHAUVEAU<br>70 Rue du Bois, Lahontan<br>T\u00e9l&nbsp;: 05 59 70 57 35<\/p>\n\n\n\n<div class=\"wp-block-group\"><div class=\"wp-block-group__inner-container\">\n<div class=\"wp-block-group\"><div class=\"wp-block-group__inner-container\">\n<p><strong>Paysagiste \u00e0 Lahontan (64270)<\/strong><\/p>\n<\/div><\/div>\n<\/div><\/div>\n\n\n\n<p>Vous avez vos propres id\u00e9es d\u2019am\u00e9nagement mais ne savez pas par o\u00f9 commencer ? Confiez votre projet \u00e0 un professionnel exp\u00e9riment\u00e9. L\u2019entreprise JARDINS DES GAVES est sp\u00e9cialis\u00e9e dans la cr\u00e9ation de jardin et l\u2019entretien de jardin depuis de longues ann\u00e9es.<\/p>\n\n\n\n<p>De la plantation aux diff\u00e9rents am\u00e9nagements ext\u00e9rieurs, JARDINS DES GAVES met ses comp\u00e9tences \u00e0 votre disposition pour que vous profitiez de vos espaces verts tout au long de l\u2019ann\u00e9e dans les meilleures conditions !<\/p>\n\n\n\n<p>Dans le but d\u2019am\u00e9liorer votre cadre de vie, nous restons \u00e0 votre \u00e9coute et nous vous aidons \u00e0 b\u00e2tir un projet en harmonie avec vos d\u00e9sirs et votre personnalit\u00e9.<\/p>\n\n\n\n<p><strong>Nos prestations<\/strong><\/p>\n\n\n\n<p>JARDINS DES GAVES vous propose diverses prestations :<\/p>\n\n\n\n<ul><li>Entretien de vos espaces verts (tonte de pelouse, taille de haie, d\u00e9broussaillage)<\/li><li>Ramassage des feuilles mortes<\/li><li>Amendement des sols<\/li><li>Entretien du potager<\/li><li>Traitements phytosanitaires, etc.<\/li><li>Cr\u00e9ation de jardins, plantations<\/li><\/ul>\n\n\n\n<hr class=\"wp-block-separator\"\/>\n\n\n\n<h4>CONSEILL\u00c8RE EN IMMOBILIER ANCIEN<\/h4>\n\n\n\n<p>Madame Elly AUGER<br>e.auger@agence.immo<br><strong>T\u00e9l\u00e9phone\u00a0:\u00a0<\/strong>06 69 90 32 24<\/p>\n\n\n\n<p><a href=\"https:\/\/www.capifrance.fr\/conseillers\/elly.auger\">www.agence.immo<\/a><\/p>\n\n\n\n<p><\/p>\n\n\n\n<hr class=\"wp-block-separator\"\/>\n\n\n\n<hr class=\"wp-block-separator\"\/>\n\n\n\n<h4><strong>CORREIA ENERGIES<\/strong><\/h4>\n\n\n\n<p><strong>\u00c9lectricien<\/strong><br>Mr Gilles CORREIA<br>341 All\u00e9e Deu Basque, 64270 Lahontan<br><strong>T\u00e9l\u00e9phone&nbsp;:&nbsp;<\/strong>06 23 31 59 93<\/p>\n\n\n\n<hr class=\"wp-block-separator\"\/>\n\n\n\n<h4><\/h4>\n\n\n\n<p><\/p>\n\n\n\n<hr class=\"wp-block-separator\"\/>\n\n\n\n<h4><strong>JDS ELAGAGE <\/strong><\/h4>\n\n\n\n<p><strong>Elagueur<\/strong><br>DE SOUSA Jonathan<br>7 Chemin Dous TILHS, 64270 Lahontan<br><strong>T\u00e9l\u00e9phone&nbsp;<\/strong>: 06 28 03 86 38 \/ 05 24 37 40 40<br>jdselagage@gmail.com<\/p>\n\n\n\n<hr class=\"wp-block-separator\"\/>\n\n\n\n<h4><strong>Garage B&amp;C<\/strong><\/h4>\n\n\n\n<p><strong>Garagiste<\/strong><br>75 route de Costelongue<br>64270 Lahontan<br>05 59 65 21 06<\/p>\n\n\n\n<hr class=\"wp-block-separator\"\/>\n\n\n\n<h4><strong>VELO Fr\u00e8res<\/strong><\/h4>\n\n\n\n<p><strong>Entreprise de terrassement<\/strong><br>1 Chemin Rib\u00e8re Basse<br>64270 Lahontan<br>05 59 65 13 34<\/p>\n\n\n\n<hr class=\"wp-block-separator\"\/>\n\n\n\n<h4>GRANULATS DE LAHONTAN<\/h4>\n\n\n\n<p>GRANULATS de LAHONTAN est une filiale de GSM (51%) et EIFFAGE ROUTE SUD OUEST (49%), constitu\u00e9e pour exploiter le gisement de LAHONTAN (64). La gravi\u00e8re de Lahontan a une capacit\u00e9 de production de 250.000 tonnes d&#8217;alluvions par an (mat\u00e9riaux roul\u00e9s et gravillons concass\u00e9s) principalement destin\u00e9es aux travaux du b\u00e2timent et des travaux publics.<br>Horaires d&#8217;ouverture :<br>Du lundi au vendredi de 7h00 \u00e0 12h00 et de 13h30 \u00e0 17h00<\/p>\n\n\n\n<p>Granulats de Lahontan<br>950 route de Bellocq<br>64270 Lahontan<\/p>\n\n\n\n<hr class=\"wp-block-separator\"\/>\n\n\n\n<div class=\"wp-block-group\"><div class=\"wp-block-group__inner-container\">\n<div class=\"wp-block-columns\">\n<div class=\"wp-block-column is-vertically-aligned-center\" style=\"flex-basis:100%\">\n<div class=\"wp-block-group\"><div class=\"wp-block-group__inner-container\">\n<h4>MARIE : Assistante Maternelle agr\u00e9\u00e9e<\/h4>\n<\/div><\/div>\n<\/div>\n<\/div>\n<\/div><\/div>\n\n\n\n<p>Madame Marie GUICHEMERRE<br>1, Route d&#8217;Abet<br>64270 Lahontan<\/p>\n\n\n\n<p>06 35 51 67 88<\/p>\n\n\n\n<p><a href=\"https:\/\/www.nounou-top.fr\/assistante-maternelle-agreee-lahontan\">https:\/\/www.nounou-top.fr\/assistante-maternelle-agreee-lahontan<\/a><\/p>\n\n\n\n<h4>JENNIFER Assistante maternelle agr\u00e9ee<\/h4>\n\n\n\n<p>Madame Jennifer CASABONNE<br>tauzin.jennifer@orange.fr<\/p>\n\n\n\n<p>06.85.46.95.33<br><\/p>\n\n\n\n<p><\/p>\n\n\n\n<div class=\"wp-block-group\"><div class=\"wp-block-group__inner-container\">\n<div class=\"wp-block-group\"><div class=\"wp-block-group__inner-container\">\n<hr class=\"wp-block-separator\"\/>\n<\/div><\/div>\n<\/div><\/div>\n\n\n\n<div class=\"wp-block-image\"><figure class=\"aligncenter size-large is-resized\"><img loading=\"lazy\" src=\"https:\/\/mairielahontan.fr\/wp-content\/uploads\/2023\/02\/image-1024x755.png\" alt=\"\" class=\"wp-image-1227\" width=\"726\" height=\"535\" srcset=\"https:\/\/mairielahontan.fr\/wp-content\/uploads\/2023\/02\/image-1024x755.png 1024w, https:\/\/mairielahontan.fr\/wp-content\/uploads\/2023\/02\/image-300x221.png 300w, https:\/\/mairielahontan.fr\/wp-content\/uploads\/2023\/02\/image-768x566.png 768w, https:\/\/mairielahontan.fr\/wp-content\/uploads\/2023\/02\/image-1536x1132.png 1536w, https:\/\/mairielahontan.fr\/wp-content\/uploads\/2023\/02\/image-2048x1510.png 2048w, https:\/\/mairielahontan.fr\/wp-content\/uploads\/2023\/02\/image-80x60.png 80w\" sizes=\"(max-width: 726px) 100vw, 726px\" \/><\/figure><\/div>\n","protected":false},"excerpt":{"rendered":"<div class=\"mh-excerpt\"><p>LES VERGERS DE L&#8217;ERMITAGE800 route de Saint-Cricq &#8211; 64270 Lahontan T\u00e9l : 05 59 65 14 01http:\/\/vergerdelermitage.fr LES VERGERS LASSERRE1 rue du Bois &#8211; 64270 Lahontan France&nbsp;T\u00e9l : 05 59 69 94 71 &#8211; &nbsp;06 <a class=\"mh-excerpt-more\" href=\"https:\/\/mairielahontan.fr\/?page_id=91\" title=\"Entreprises\">[&#8230;]<\/a><\/p>\n<\/div>","protected":false},"author":1,"featured_media":0,"parent":0,"menu_order":0,"comment_status":"closed","ping_status":"closed","template":"","meta":[],"_links":{"self":[{"href":"https:\/\/mairielahontan.fr\/index.php?rest_route=\/wp\/v2\/pages\/91"}],"collection":[{"href":"https:\/\/mairielahontan.fr\/index.php?rest_route=\/wp\/v2\/pages"}],"about":[{"href":"https:\/\/mairielahontan.fr\/index.php?rest_route=\/wp\/v2\/types\/page"}],"author":[{"embeddable":true,"href":"https:\/\/mairielahontan.fr\/index.php?rest_route=\/wp\/v2\/users\/1"}],"replies":[{"embeddable":true,"href":"https:\/\/mairielahontan.fr\/index.php?rest_route=%2Fwp%2Fv2%2Fcomments&post=91"}],"version-history":[{"count":36,"href":"https:\/\/mairielahontan.fr\/index.php?rest_route=\/wp\/v2\/pages\/91\/revisions"}],"predecessor-version":[{"id":1678,"href":"https:\/\/mairielahontan.fr\/index.php?rest_route=\/wp\/v2\/pages\/91\/revisions\/1678"}],"wp:attachment":[{"href":"https:\/\/mairielahontan.fr\/index.php?rest_route=%2Fwp%2Fv2%2Fmedia&parent=91"}],"curies":[{"name":"wp","href":"https:\/\/api.w.org\/{rel}","templated":true}]}}